{"id":6218,"date":"2021-12-17T14:33:16","date_gmt":"2021-12-17T19:33:16","guid":{"rendered":"https:\/\/lobatulum.com\/terms-and-conditions\/"},"modified":"2022-03-14T13:16:44","modified_gmt":"2022-03-14T18:16:44","slug":"terminos-y-condiciones","status":"publish","type":"page","link":"https:\/\/lobatulum.com\/es\/terminos-y-condiciones\/","title":{"rendered":"T\u00e9rminos y Condiciones"},"content":{"rendered":"\t\t<div data-elementor-type=\"wp-page\" data-elementor-id=\"6218\" class=\"elementor elementor-6218\">\n\t\t\t\t\t\t<div class=\"elementor-section elementor-top-section elementor-element elementor-element-e774ce5 elementor-section-content-middle elementor-section-boxed elementor-section-height-default elementor-section-height-default elementor-invisible\" data-id=\"e774ce5\" data-element_type=\"section\" data-e-type=\"section\" data-settings=\"{&quot;background_background&quot;:&quot;classic&quot;,&quot;animation&quot;:&quot;fadeInUp&quot;,&quot;animation_delay&quot;:100}\">\n\t\t\t\t\t\t\t<div class=\"elementor-background-overlay\"><\/div>\n\t\t\t\t\t\t\t<div class=\"elementor-container elementor-column-gap-no\">\n\t\t\t\t\t<div class=\"elementor-column elementor-col-100 elementor-top-column elementor-element elementor-element-ddefde8\" data-id=\"ddefde8\" data-element_type=\"column\" data-e-type=\"column\">\n\t\t\t<div class=\"elementor-widget-wrap elementor-element-populated\">\n\t\t\t\t\t\t<div class=\"elementor-element elementor-element-a156597 elementor-widget elementor-widget-heading\" data-id=\"a156597\" data-element_type=\"widget\" data-e-type=\"widget\" data-widget_type=\"heading.default\">\n\t\t\t\t<div class=\"elementor-widget-container\">\n\t\t\t\t\t<h1 class=\"elementor-heading-title elementor-size-default\">T\u00e9rminos y condiciones<\/h1>\t\t\t\t<\/div>\n\t\t\t\t<\/div>\n\t\t\t\t\t<\/div>\n\t\t<\/div>\n\t\t\t\t\t<\/div>\n\t\t<\/div>\n\t\t\t\t<div class=\"elementor-section elementor-top-section elementor-element elementor-element-6d485ff elementor-section-boxed elementor-section-height-default elementor-section-height-default\" data-id=\"6d485ff\" data-element_type=\"section\" data-e-type=\"section\">\n\t\t\t\t\t\t<div class=\"elementor-container elementor-column-gap-no\">\n\t\t\t\t\t<div class=\"elementor-column elementor-col-100 elementor-top-column elementor-element elementor-element-d49a7f9\" data-id=\"d49a7f9\" data-element_type=\"column\" data-e-type=\"column\">\n\t\t\t<div class=\"elementor-widget-wrap elementor-element-populated\">\n\t\t\t\t\t\t<div class=\"elementor-element elementor-element-471bd7f elementor-invisible elementor-widget elementor-widget-heading\" data-id=\"471bd7f\" data-element_type=\"widget\" data-e-type=\"widget\" data-settings=\"{&quot;_animation&quot;:&quot;fadeInUp&quot;,&quot;_animation_delay&quot;:300}\" data-widget_type=\"heading.default\">\n\t\t\t\t<div class=\"elementor-widget-container\">\n\t\t\t\t\t<h2 class=\"elementor-heading-title elementor-size-default\">Pol\u00edticas<\/h2>\t\t\t\t<\/div>\n\t\t\t\t<\/div>\n\t\t\t\t<div class=\"elementor-element elementor-element-8428302 elementor-widget-divider--view-line elementor-invisible elementor-widget elementor-widget-divider\" data-id=\"8428302\" data-element_type=\"widget\" data-e-type=\"widget\" data-settings=\"{&quot;_animation&quot;:&quot;fadeInUp&quot;,&quot;_animation_delay&quot;:300}\" data-widget_type=\"divider.default\">\n\t\t\t\t<div class=\"elementor-widget-container\">\n\t\t\t\t\t\t\t<div class=\"elementor-divider\">\n\t\t\t<span class=\"elementor-divider-separator\">\n\t\t\t\t\t\t<\/span>\n\t\t<\/div>\n\t\t\t\t\t\t<\/div>\n\t\t\t\t<\/div>\n\t\t\t\t\t<\/div>\n\t\t<\/div>\n\t\t\t\t\t<\/div>\n\t\t<\/div>\n\t\t\t\t<div class=\"elementor-section elementor-top-section elementor-element elementor-element-cdd9112 elementor-section-boxed elementor-section-height-default elementor-section-height-default\" data-id=\"cdd9112\" data-element_type=\"section\" data-e-type=\"section\">\n\t\t\t\t\t\t<div class=\"elementor-container elementor-column-gap-no\">\n\t\t\t\t\t<div class=\"elementor-column elementor-col-100 elementor-top-column elementor-element elementor-element-2177a86\" data-id=\"2177a86\" data-element_type=\"column\" data-e-type=\"column\">\n\t\t\t<div class=\"elementor-widget-wrap elementor-element-populated\">\n\t\t\t\t\t\t<div class=\"elementor-element elementor-element-09f543c elementor-widget elementor-widget-text-editor\" data-id=\"09f543c\" data-element_type=\"widget\" data-e-type=\"widget\" data-widget_type=\"text-editor.default\">\n\t\t\t\t<div class=\"elementor-widget-container\">\n\t\t\t\t\t\t\t\t\t<p>El horario de entrada es a partir de las 15:00 y hasta las 23:00. Por favor, notifique por correo electr\u00f3nico, tel\u00e9fono o WhatsApp su hora aproximada de llegada.<\/p><p>La hora de salida es a las 12:00 horas del d\u00eda, en caso de desocupar la habitaci\u00f3n m\u00e1s tarde en el mismo d\u00eda se cobrar\u00e1 la mitad de la tarifa m\u00e1s impuestos.<\/p><p>No est\u00e1 permitido el ingreso con tel\u00e9fonos celulares para los portadores de un daypass o hu\u00e9spedes, siendo solo los hu\u00e9spedes quienes pueden hacer uso de su celular dentro de las instalaciones. El personal de seguridad podr\u00e1 solicitar en cualquier momento a los hu\u00e9spedes que no sean invitados que guarden el tel\u00e9fono m\u00f3vil en las taquillas dedicadas a este fin. La negativa del hu\u00e9sped podr\u00e1 dar lugar a la petici\u00f3n de abandonar el lugar sin posibilidad de reembolso.<\/p><p>No se permite la entrada a menores de 18 a\u00f1os.<\/p><p>No est\u00e1 permitido fumar en las habitaciones ni en el bar.<\/p><p>Cualquier agresi\u00f3n f\u00edsica o verbal contra cualquiera de los hu\u00e9spedes, el personal del hotel y los colaboradores ser\u00e1 motivo de expulsi\u00f3n.<\/p><p>Para confirmar la reserva en nuestra p\u00e1gina web o por tel\u00e9fono, es necesario facilitar una tarjeta de cr\u00e9dito v\u00e1lida, en la que se cargar\u00e1 el equivalente al 50% del importe total de la estancia antes de la fecha de llegada. Tambi\u00e9n es posible realizar un dep\u00f3sito o una transferencia bancaria para confirmar la reserva.<\/p><p>Las reservas pueden cancelarse o modificarse gratuitamente hasta 10 d\u00edas antes de la llegada. Despu\u00e9s de este periodo se cobra el dep\u00f3sito por la modificaci\u00f3n. En caso de no presentarse el d\u00eda de su reserva, se cobrar\u00e1 el total de la estancia m\u00e1s los impuestos.\u00a0<\/p><p>El coste de una persona extra es de 50 USD por noche. En caso de perder la llave de la habitaci\u00f3n se cobrar\u00e1 20 USD m\u00e1s impuestos.<\/p><p>Los impuestos aplicables a nuestras tarifas son el 16% de IVA y el 2% de alojamiento, que no est\u00e1n incluidos en la tarifa de la habitaci\u00f3n.<\/p><p>El hu\u00e9sped acepta que la tarjeta de d\u00e9bito\/cr\u00e9dito emitida al registrarse en el hotel, puede ser utilizada para liquidar todos los gastos, incluyendo el alojamiento, otros extras y da\u00f1os a la propiedad, si el pago no se realiza por otros medios en el momento del check-in o del out. Se har\u00e1 un bloqueo de 200 USD como dep\u00f3sito de seguridad, el saldo restante se devolver\u00e1 a la salida.<\/p><p>Se permite estar desnudo en la zona de la azotea y dentro de las piscinas &#8220;Get Naked&#8221;. Del mismo modo los hu\u00e9spedes de las habitaciones 1, 2 y 3 pueden estar desnudos en las terrazas de sus habitaciones.<\/p><p>Est\u00e1 estrictamente prohibido mantener relaciones sexuales en las zonas comunes del hotel.<\/p><p>Est\u00e1 prohibido introducir cualquier tipo de droga ilegal y estupefaciente, as\u00ed como su consumo dentro de las instalaciones.<\/p><p>Est\u00e1 prohibido el uso de cualquier bocina o equipo de sonido en las zonas comunes del hotel, especialmente a partir de las 23:00 horas y hasta las 11:00 horas.\u00a0<\/p><p>En caso de incumplimiento del reglamento interno del hotel, la direcci\u00f3n puede solicitar el desalojo de las instalaciones sin posible reembolso.<\/p><p>En el momento de la reserva, usted confirma que conoce y acepta nuestras pol\u00edticas.<\/p>\t\t\t\t\t\t\t\t<\/div>\n\t\t\t\t<\/div>\n\t\t\t\t\t<\/div>\n\t\t<\/div>\n\t\t\t\t\t<\/div>\n\t\t<\/div>\n\t\t\t\t<\/div>\n\t\t","protected":false},"excerpt":{"rendered":"<p>T\u00e9rminos y condiciones Pol\u00edticas El horario de entrada es a partir de las 15:00 y hasta las 23:00. Por favor, notifique por correo electr\u00f3nico, tel\u00e9fono o WhatsApp su hora aproximada de llegada. La hora de salida es [&hellip;]<\/p>\n","protected":false},"author":1,"featured_media":0,"parent":0,"menu_order":0,"comment_status":"closed","ping_status":"closed","template":"","meta":{"footnotes":""},"class_list":["post-6218","page","type-page","status-publish","hentry"],"yoast_head":"<!-- This site is optimized with the Yoast SEO plugin v27.4 - https:\/\/yoast.com\/product\/yoast-seo-wordpress\/ -->\n<title>T\u00e9rminos y Condiciones - Hotel Loba Tulum<\/title>\n<meta name=\"robots\" content=\"index, follow, max-snippet:-1, max-image-preview:large, max-video-preview:-1\" \/>\n<link rel=\"canonical\" href=\"https:\/\/lobatulum.com\/es\/terminos-y-condiciones\/\" \/>\n<meta property=\"og:locale\" content=\"es_MX\" \/>\n<meta property=\"og:type\" content=\"article\" \/>\n<meta property=\"og:title\" content=\"T\u00e9rminos y Condiciones - Hotel Loba Tulum\" \/>\n<meta property=\"og:description\" content=\"T\u00e9rminos y condiciones Pol\u00edticas El horario de entrada es a partir de las 15:00 y hasta las 23:00. Por favor, notifique por correo electr\u00f3nico, tel\u00e9fono o WhatsApp su hora aproximada de llegada. La hora de salida es [&hellip;]\" \/>\n<meta property=\"og:url\" content=\"https:\/\/lobatulum.com\/es\/terminos-y-condiciones\/\" \/>\n<meta property=\"og:site_name\" content=\"Hotel Loba Tulum\" \/>\n<meta property=\"article:modified_time\" content=\"2022-03-14T18:16:44+00:00\" \/>\n<meta name=\"twitter:card\" content=\"summary_large_image\" \/>\n<meta name=\"twitter:label1\" content=\"Tiempo de lectura\" \/>\n\t<meta name=\"twitter:data1\" content=\"3 minutos\" \/>\n<script type=\"application\/ld+json\" class=\"yoast-schema-graph\">{\"@context\":\"https:\\\/\\\/schema.org\",\"@graph\":[{\"@type\":\"WebPage\",\"@id\":\"https:\\\/\\\/lobatulum.com\\\/es\\\/terminos-y-condiciones\\\/\",\"url\":\"https:\\\/\\\/lobatulum.com\\\/es\\\/terminos-y-condiciones\\\/\",\"name\":\"T\u00e9rminos y Condiciones - Hotel Loba Tulum\",\"isPartOf\":{\"@id\":\"https:\\\/\\\/lobatulum.com\\\/#website\"},\"datePublished\":\"2021-12-17T19:33:16+00:00\",\"dateModified\":\"2022-03-14T18:16:44+00:00\",\"breadcrumb\":{\"@id\":\"https:\\\/\\\/lobatulum.com\\\/es\\\/terminos-y-condiciones\\\/#breadcrumb\"},\"inLanguage\":\"es\",\"potentialAction\":[{\"@type\":\"ReadAction\",\"target\":[\"https:\\\/\\\/lobatulum.com\\\/es\\\/terminos-y-condiciones\\\/\"]}]},{\"@type\":\"BreadcrumbList\",\"@id\":\"https:\\\/\\\/lobatulum.com\\\/es\\\/terminos-y-condiciones\\\/#breadcrumb\",\"itemListElement\":[{\"@type\":\"ListItem\",\"position\":1,\"name\":\"Home\",\"item\":\"https:\\\/\\\/lobatulum.com\\\/es\\\/\"},{\"@type\":\"ListItem\",\"position\":2,\"name\":\"T\u00e9rminos y Condiciones\"}]},{\"@type\":\"WebSite\",\"@id\":\"https:\\\/\\\/lobatulum.com\\\/#website\",\"url\":\"https:\\\/\\\/lobatulum.com\\\/\",\"name\":\"Hotel Loba Tulum\",\"description\":\"Hotel Loba Tulum\",\"potentialAction\":[{\"@type\":\"SearchAction\",\"target\":{\"@type\":\"EntryPoint\",\"urlTemplate\":\"https:\\\/\\\/lobatulum.com\\\/?s={search_term_string}\"},\"query-input\":{\"@type\":\"PropertyValueSpecification\",\"valueRequired\":true,\"valueName\":\"search_term_string\"}}],\"inLanguage\":\"es\"}]}<\/script>\n<!-- \/ Yoast SEO plugin. -->","yoast_head_json":{"title":"T\u00e9rminos y Condiciones - Hotel Loba Tulum","robots":{"index":"index","follow":"follow","max-snippet":"max-snippet:-1","max-image-preview":"max-image-preview:large","max-video-preview":"max-video-preview:-1"},"canonical":"https:\/\/lobatulum.com\/es\/terminos-y-condiciones\/","og_locale":"es_MX","og_type":"article","og_title":"T\u00e9rminos y Condiciones - Hotel Loba Tulum","og_description":"T\u00e9rminos y condiciones Pol\u00edticas El horario de entrada es a partir de las 15:00 y hasta las 23:00. Por favor, notifique por correo electr\u00f3nico, tel\u00e9fono o WhatsApp su hora aproximada de llegada. La hora de salida es [&hellip;]","og_url":"https:\/\/lobatulum.com\/es\/terminos-y-condiciones\/","og_site_name":"Hotel Loba Tulum","article_modified_time":"2022-03-14T18:16:44+00:00","twitter_card":"summary_large_image","twitter_misc":{"Tiempo de lectura":"3 minutos"},"schema":{"@context":"https:\/\/schema.org","@graph":[{"@type":"WebPage","@id":"https:\/\/lobatulum.com\/es\/terminos-y-condiciones\/","url":"https:\/\/lobatulum.com\/es\/terminos-y-condiciones\/","name":"T\u00e9rminos y Condiciones - Hotel Loba Tulum","isPartOf":{"@id":"https:\/\/lobatulum.com\/#website"},"datePublished":"2021-12-17T19:33:16+00:00","dateModified":"2022-03-14T18:16:44+00:00","breadcrumb":{"@id":"https:\/\/lobatulum.com\/es\/terminos-y-condiciones\/#breadcrumb"},"inLanguage":"es","potentialAction":[{"@type":"ReadAction","target":["https:\/\/lobatulum.com\/es\/terminos-y-condiciones\/"]}]},{"@type":"BreadcrumbList","@id":"https:\/\/lobatulum.com\/es\/terminos-y-condiciones\/#breadcrumb","itemListElement":[{"@type":"ListItem","position":1,"name":"Home","item":"https:\/\/lobatulum.com\/es\/"},{"@type":"ListItem","position":2,"name":"T\u00e9rminos y Condiciones"}]},{"@type":"WebSite","@id":"https:\/\/lobatulum.com\/#website","url":"https:\/\/lobatulum.com\/","name":"Hotel Loba Tulum","description":"Hotel Loba Tulum","potentialAction":[{"@type":"SearchAction","target":{"@type":"EntryPoint","urlTemplate":"https:\/\/lobatulum.com\/?s={search_term_string}"},"query-input":{"@type":"PropertyValueSpecification","valueRequired":true,"valueName":"search_term_string"}}],"inLanguage":"es"}]}},"_links":{"self":[{"href":"https:\/\/lobatulum.com\/es\/wp-json\/wp\/v2\/pages\/6218","targetHints":{"allow":["GET"]}}],"collection":[{"href":"https:\/\/lobatulum.com\/es\/wp-json\/wp\/v2\/pages"}],"about":[{"href":"https:\/\/lobatulum.com\/es\/wp-json\/wp\/v2\/types\/page"}],"author":[{"embeddable":true,"href":"https:\/\/lobatulum.com\/es\/wp-json\/wp\/v2\/users\/1"}],"replies":[{"embeddable":true,"href":"https:\/\/lobatulum.com\/es\/wp-json\/wp\/v2\/comments?post=6218"}],"version-history":[{"count":15,"href":"https:\/\/lobatulum.com\/es\/wp-json\/wp\/v2\/pages\/6218\/revisions"}],"predecessor-version":[{"id":6637,"href":"https:\/\/lobatulum.com\/es\/wp-json\/wp\/v2\/pages\/6218\/revisions\/6637"}],"wp:attachment":[{"href":"https:\/\/lobatulum.com\/es\/wp-json\/wp\/v2\/media?parent=6218"}],"curies":[{"name":"wp","href":"https:\/\/api.w.org\/{rel}","templated":true}]}}